{"id":42,"date":"2013-08-26T12:46:50","date_gmt":"2013-08-26T11:46:50","guid":{"rendered":"http:\/\/www.aleaubebe.net\/?page_id=42"},"modified":"2019-06-10T21:14:43","modified_gmt":"2019-06-10T20:14:43","slug":"contact","status":"publish","type":"page","link":"https:\/\/www.aleaubebe.net\/?page_id=42","title":{"rendered":"Contact"},"content":{"rendered":"<h1 align=\"center\"><strong>A l&rsquo;eau b\u00e9b\u00e9 &#8211; Rez\u00e9<\/strong><\/h1>\n<p>&nbsp;<\/p>\n<h3 align=\"center\"><strong><a href=\"mailto:contact@aleaubebe.net\">contact@aleaubebe.net<\/a><\/strong><\/h3>\n","protected":false},"excerpt":{"rendered":"<p>A l&rsquo;eau b\u00e9b\u00e9 &#8211; Rez\u00e9 &nbsp; contact@aleaubebe.net<\/p>\n","protected":false},"author":1,"featured_media":0,"parent":0,"menu_order":0,"comment_status":"closed","ping_status":"open","template":"","meta":[],"_links":{"self":[{"href":"https:\/\/www.aleaubebe.net\/index.php?rest_route=\/wp\/v2\/pages\/42"}],"collection":[{"href":"https:\/\/www.aleaubebe.net\/index.php?rest_route=\/wp\/v2\/pages"}],"about":[{"href":"https:\/\/www.aleaubebe.net\/index.php?rest_route=\/wp\/v2\/types\/page"}],"author":[{"embeddable":true,"href":"https:\/\/www.aleaubebe.net\/index.php?rest_route=\/wp\/v2\/users\/1"}],"replies":[{"embeddable":true,"href":"https:\/\/www.aleaubebe.net\/index.php?rest_route=%2Fwp%2Fv2%2Fcomments&post=42"}],"version-history":[{"count":10,"href":"https:\/\/www.aleaubebe.net\/index.php?rest_route=\/wp\/v2\/pages\/42\/revisions"}],"predecessor-version":[{"id":266,"href":"https:\/\/www.aleaubebe.net\/index.php?rest_route=\/wp\/v2\/pages\/42\/revisions\/266"}],"wp:attachment":[{"href":"https:\/\/www.aleaubebe.net\/index.php?rest_route=%2Fwp%2Fv2%2Fmedia&parent=42"}],"curies":[{"name":"wp","href":"https:\/\/api.w.org\/{rel}","templated":true}]}}