{"id":31,"date":"2013-08-26T12:31:17","date_gmt":"2013-08-26T11:31:17","guid":{"rendered":"http:\/\/www.aleaubebe.net\/?page_id=31"},"modified":"2025-10-05T14:55:45","modified_gmt":"2025-10-05T13:55:45","slug":"enfant-de-18-mois-a-3-ans","status":"publish","type":"page","link":"https:\/\/www.aleaubebe.net\/?page_id=31","title":{"rendered":"Enfant de 18 mois \u00e0 3 ans"},"content":{"rendered":"<p>Cr\u00e9neau horaire de <strong>10h00 \u00e0 10h40<\/strong>\u00a0ou de <strong>10h40 \u00e0 11h20<\/strong><\/p>\n<p>Voici quelques conseils :<\/p>\n<p><strong>L\u2019EAU :<\/strong><br \/>\ndoit \u00eatre \u00e0 32\u00b0 car c\u2019est la temp\u00e9rature de la peau.<\/p>\n<p><strong>DIETETIQUE :<\/strong><br \/>\nFaire manger l\u2019enfant moins d\u2019une heure avant la s\u00e9ance afin de lui \u00e9viter une \u00e9ventuelle hypoglyc\u00e9mie.<br \/>\nPr\u00e9voir une boisson sucr\u00e9e (pas de nourriture solide) apr\u00e8s l\u2019activit\u00e9 afin de compenser les pertes \u00e9nerg\u00e9tiques dues au s\u00e9jour prolong\u00e9 dans l&rsquo;eau.<\/p>\n<p><strong>L\u2019ACTIVITE :<\/strong><br \/>\nLaissez votre enfant agir Nous privil\u00e9gions la relation parent(s)-enfant \u00e0 travers un climat de confiance et de chaleur.<br \/>\n&#8211; Le mat\u00e9riel mis \u00e0 votre disposition permet aux enfants de d\u00e9couvrir plusieurs jeux d\u2019eau : transvaser, mais aussi sauter, grimper, courir sur le tapis.<br \/>\n&#8211; Petit \u00e0 petit, il va se tourner vers l\u2019ext\u00e9rieur, quitter vos bras, prendre des risques, puis revenir se blottir vers vous.<\/p>\n<p style=\"text-align: center;\"><em>Profitez de l\u2019eau et de ces moments : ils sont magiques !<\/em><\/p>\n","protected":false},"excerpt":{"rendered":"<p>Cr\u00e9neau horaire de 10h00 \u00e0 10h40\u00a0ou de 10h40 \u00e0 11h20 Voici quelques conseils : L\u2019EAU : doit \u00eatre \u00e0 32\u00b0 car c\u2019est la temp\u00e9rature de la peau. DIETETIQUE : Faire manger l\u2019enfant moins d\u2019une heure avant la s\u00e9ance afin de lui \u00e9viter une \u00e9ventuelle hypoglyc\u00e9mie. Pr\u00e9voir une boisson sucr\u00e9e (pas de nourriture solide) apr\u00e8s l\u2019activit\u00e9 [&hellip;]<\/p>\n","protected":false},"author":1,"featured_media":0,"parent":0,"menu_order":0,"comment_status":"closed","ping_status":"open","template":"","meta":[],"_links":{"self":[{"href":"https:\/\/www.aleaubebe.net\/index.php?rest_route=\/wp\/v2\/pages\/31"}],"collection":[{"href":"https:\/\/www.aleaubebe.net\/index.php?rest_route=\/wp\/v2\/pages"}],"about":[{"href":"https:\/\/www.aleaubebe.net\/index.php?rest_route=\/wp\/v2\/types\/page"}],"author":[{"embeddable":true,"href":"https:\/\/www.aleaubebe.net\/index.php?rest_route=\/wp\/v2\/users\/1"}],"replies":[{"embeddable":true,"href":"https:\/\/www.aleaubebe.net\/index.php?rest_route=%2Fwp%2Fv2%2Fcomments&post=31"}],"version-history":[{"count":5,"href":"https:\/\/www.aleaubebe.net\/index.php?rest_route=\/wp\/v2\/pages\/31\/revisions"}],"predecessor-version":[{"id":474,"href":"https:\/\/www.aleaubebe.net\/index.php?rest_route=\/wp\/v2\/pages\/31\/revisions\/474"}],"wp:attachment":[{"href":"https:\/\/www.aleaubebe.net\/index.php?rest_route=%2Fwp%2Fv2%2Fmedia&parent=31"}],"curies":[{"name":"wp","href":"https:\/\/api.w.org\/{rel}","templated":true}]}}