{"id":25,"date":"2013-08-26T12:05:07","date_gmt":"2013-08-26T11:05:07","guid":{"rendered":"http:\/\/www.aleaubebe.net\/?page_id=25"},"modified":"2026-04-28T15:17:16","modified_gmt":"2026-04-28T14:17:16","slug":"presentation-de-lassociation","status":"publish","type":"page","link":"https:\/\/www.aleaubebe.net\/","title":{"rendered":"Pr\u00e9sentation de l&rsquo;association"},"content":{"rendered":"<p style=\"text-align: center;\"><img decoding=\"async\" loading=\"lazy\" class=\"aligncenter size-medium wp-image-452\" src=\"http:\/\/www.aleaubebe.net\/wp-content\/uploads\/2025\/07\/LOGO-FINAL-300x300.png\" alt=\"\" width=\"300\" height=\"300\" srcset=\"https:\/\/www.aleaubebe.net\/wp-content\/uploads\/2025\/07\/LOGO-FINAL-300x300.png 300w, https:\/\/www.aleaubebe.net\/wp-content\/uploads\/2025\/07\/LOGO-FINAL-150x150.png 150w, https:\/\/www.aleaubebe.net\/wp-content\/uploads\/2025\/07\/LOGO-FINAL.png 720w\" sizes=\"(max-width: 300px) 100vw, 300px\" \/><span style=\"font-size: revert; color: initial;\">&#8212;<\/span><\/p>\n<p style=\"text-align: center;\"><strong>Prochain rendez-vous pour les inscriptions le 17 juin 2026 \u00e0 19h.<\/strong><\/p>\n<p style=\"text-align: center;\"><strong>Les modalit\u00e9s arrivent bient\u00f4t, en attendant n&rsquo;h\u00e9sitez pas \u00e0 parcourir notre site !<\/strong><\/p>\n<p style=\"text-align: center;\">&#8212;<\/p>\n<p style=\"text-align: left;\">Affili\u00e9e \u00e0 la <strong>FAAEL<\/strong> (F\u00e9d\u00e9ration des Activit\u00e9s Aquatiques d\u2019Eveil et de Loisirs)<\/p>\n<p><strong>EVEIL :<\/strong><br \/>\npermettre l\u2019\u00e9veil, Eveil au corps, aux autres, au plaisir<\/p>\n<p><strong>LOISIR :<\/strong><br \/>\ndu latin \u00ab licere \u00bb, \u00eatre permis, libert\u00e9, tol\u00e9rance, plaisir, jeu respect, permission<\/p>\n<p><strong>Objectif :<\/strong><br \/>\n\u00ab <strong>favoriser l\u2019adaptation du jeune enfant au milieu aquatique.<\/strong> \u00bb<\/p>\n<p>La municipalit\u00e9 de Rez\u00e9 met \u00e0 notre disposition le petit bassin de la piscine.<\/p>\n<p>Les membres du Conseil d\u2019Administration, \u00e9lus en Assembl\u00e9e G\u00e9n\u00e9rale, assurent le bon fonctionnement de l\u2019association<\/p>\n<p>Les parents <span style=\"text-decoration: underline;\"><strong>b\u00e9n\u00e9voles<\/strong> <\/span>et <span style=\"text-decoration: underline;\"><strong>volontaires<\/strong> <\/span>appel\u00e9s aussi animateurs veillent \u00e0 :<br \/>\n&#8211; l\u2019accueil et l\u2019am\u00e9nagement du bassin<br \/>\n&#8211; assurer un compl\u00e9ment de surveillance<br \/>\n&#8211; r\u00e9pondre \u00e0 vos interrogations<\/p>\n<p>Vous aussi, vous pouvez nous rejoindre au sein de l\u2019\u00e9quipe d\u2019animation.<\/p>\n<div class=\"arve-wrapper\" data-mode=\"normal\" data-provider=\"html5\" id=\"arve-httpwwwaleaubebenetwp-contentuploads201606ClipALEAUBEBEmp4\" style=\"max-width:698px;\" itemscope itemtype=\"http:\/\/schema.org\/VideoObject\"><div class=\"arve-embed-container\" style=\"height:auto;padding:0\"><video controls controlslist=\"nodownload\" preload=\"metadata\" width=\"480\" height=\"270\" src=\"http:\/\/www.aleaubebe.net\/wp-content\/uploads\/2016\/06\/Clip_A_L_EAU_BEBE.mp4\" class=\"arve-video fitvidsignore\"><\/video><\/div><\/div>\n\n\t\t<style type=\"text\/css\">\n\t\t\t#gallery-1 {\n\t\t\t\tmargin: auto;\n\t\t\t}\n\t\t\t#gallery-1 .gallery-item {\n\t\t\t\tfloat: left;\n\t\t\t\tmargin-top: 10px;\n\t\t\t\ttext-align: center;\n\t\t\t\twidth: 33%;\n\t\t\t}\n\t\t\t#gallery-1 img {\n\t\t\t\tborder: 2px solid #cfcfcf;\n\t\t\t}\n\t\t\t#gallery-1 .gallery-caption {\n\t\t\t\tmargin-left: 0;\n\t\t\t}\n\t\t\t\/* see gallery_shortcode() in wp-includes\/media.php *\/\n\t\t<\/style>\n\t\t<div id='gallery-1' class='gallery galleryid-25 gallery-columns-3 gallery-size-thumbnail'><dl class='gallery-item'>\n\t\t\t<dt class='gallery-icon landscape'>\n\t\t\t\t<a href='https:\/\/www.aleaubebe.net\/?attachment_id=89#main'><img width=\"150\" height=\"150\" src=\"https:\/\/www.aleaubebe.net\/wp-content\/uploads\/2013\/08\/DSC08128-150x150.jpg\" class=\"attachment-thumbnail size-thumbnail\" alt=\"\" decoding=\"async\" loading=\"lazy\" \/><\/a>\n\t\t\t<\/dt><\/dl><dl class='gallery-item'>\n\t\t\t<dt class='gallery-icon landscape'>\n\t\t\t\t<a href='https:\/\/www.aleaubebe.net\/?attachment_id=88#main'><img width=\"150\" height=\"150\" src=\"https:\/\/www.aleaubebe.net\/wp-content\/uploads\/2013\/08\/DSC08127-150x150.jpg\" class=\"attachment-thumbnail size-thumbnail\" alt=\"\" decoding=\"async\" loading=\"lazy\" \/><\/a>\n\t\t\t<\/dt><\/dl><dl class='gallery-item'>\n\t\t\t<dt class='gallery-icon landscape'>\n\t\t\t\t<a href='https:\/\/www.aleaubebe.net\/?attachment_id=90#main'><img width=\"150\" height=\"150\" src=\"https:\/\/www.aleaubebe.net\/wp-content\/uploads\/2013\/08\/DSC08142-150x150.jpg\" class=\"attachment-thumbnail size-thumbnail\" alt=\"\" decoding=\"async\" loading=\"lazy\" \/><\/a>\n\t\t\t<\/dt><\/dl><br style=\"clear: both\" \/>\n\t\t<\/div>\n\n","protected":false},"excerpt":{"rendered":"<p>&#8212; Prochain rendez-vous pour les inscriptions le 17 juin 2026 \u00e0 19h. Les modalit\u00e9s arrivent bient\u00f4t, en attendant n&rsquo;h\u00e9sitez pas \u00e0 parcourir notre site ! &#8212; Affili\u00e9e \u00e0 la FAAEL (F\u00e9d\u00e9ration des Activit\u00e9s Aquatiques d\u2019Eveil et de Loisirs) EVEIL : permettre l\u2019\u00e9veil, Eveil au corps, aux autres, au plaisir LOISIR : du latin \u00ab licere [&hellip;]<\/p>\n","protected":false},"author":1,"featured_media":0,"parent":0,"menu_order":0,"comment_status":"closed","ping_status":"open","template":"","meta":[],"_links":{"self":[{"href":"https:\/\/www.aleaubebe.net\/index.php?rest_route=\/wp\/v2\/pages\/25"}],"collection":[{"href":"https:\/\/www.aleaubebe.net\/index.php?rest_route=\/wp\/v2\/pages"}],"about":[{"href":"https:\/\/www.aleaubebe.net\/index.php?rest_route=\/wp\/v2\/types\/page"}],"author":[{"embeddable":true,"href":"https:\/\/www.aleaubebe.net\/index.php?rest_route=\/wp\/v2\/users\/1"}],"replies":[{"embeddable":true,"href":"https:\/\/www.aleaubebe.net\/index.php?rest_route=%2Fwp%2Fv2%2Fcomments&post=25"}],"version-history":[{"count":17,"href":"https:\/\/www.aleaubebe.net\/index.php?rest_route=\/wp\/v2\/pages\/25\/revisions"}],"predecessor-version":[{"id":485,"href":"https:\/\/www.aleaubebe.net\/index.php?rest_route=\/wp\/v2\/pages\/25\/revisions\/485"}],"wp:attachment":[{"href":"https:\/\/www.aleaubebe.net\/index.php?rest_route=%2Fwp%2Fv2%2Fmedia&parent=25"}],"curies":[{"name":"wp","href":"https:\/\/api.w.org\/{rel}","templated":true}]}}