{"id":228,"date":"2018-11-24T14:25:52","date_gmt":"2018-11-24T13:25:52","guid":{"rendered":"http:\/\/www.aleaubebe.net\/?page_id=228"},"modified":"2019-10-23T15:28:32","modified_gmt":"2019-10-23T14:28:32","slug":"planning-de-lanimateur-occasionnel","status":"publish","type":"page","link":"https:\/\/www.aleaubebe.net\/?page_id=228","title":{"rendered":"Planning de l&rsquo;animateur occasionnel"},"content":{"rendered":"<h1>L&rsquo;interface Animateur<\/h1>\n<p>C&rsquo;est depuis l&rsquo;interface du <a href=\"http:\/\/www.aleaubebe.net\/Animateurs\/\">planning<\/a> que les parents non animateurs r\u00e9guliers peuvent s&rsquo;inscrire aux s\u00e9ances en tant qu&rsquo;animateur occasionnel.<\/p>\n<p>En entrant sur le planning, ils retrouvent diverses informations.<\/p>\n<p><a href=\"http:\/\/www.aleaubebe.net\/wp-content\/uploads\/2018\/11\/animateur-occaz-accueil.png\"><img decoding=\"async\" loading=\"lazy\" class=\"aligncenter size-full wp-image-229\" src=\"http:\/\/www.aleaubebe.net\/wp-content\/uploads\/2018\/11\/animateur-occaz-accueil.png\" alt=\"\" width=\"957\" height=\"648\" srcset=\"https:\/\/www.aleaubebe.net\/wp-content\/uploads\/2018\/11\/animateur-occaz-accueil.png 957w, https:\/\/www.aleaubebe.net\/wp-content\/uploads\/2018\/11\/animateur-occaz-accueil-300x203.png 300w, https:\/\/www.aleaubebe.net\/wp-content\/uploads\/2018\/11\/animateur-occaz-accueil-768x520.png 768w\" sizes=\"(max-width: 957px) 100vw, 957px\" \/><\/a><\/p>\n<p>&nbsp;<\/p>\n<p>Sur la page, on retrouve ainsi :<\/p>\n<ul>\n<li>les s\u00e9ances ou vous vous \u00eates inscrit en tant qu&rsquo;animateur, \u00e9crites en bleu dans le calendrier ;<\/li>\n<li>les s\u00e9ances manquant fortement d&rsquo;animateurs, sur fond rouge ;<\/li>\n<li>les s\u00e9ances au complet en animateurs, sur fond vert ;<\/li>\n<li>les s\u00e9ances sur fond blanc sont celle o\u00f9 il peut \u00e9galement \u00eatre possible de s&rsquo;inscrire.<\/li>\n<\/ul>\n<h1>Petit rappel<\/h1>\n<p>Il est important de rappeler que lorsque vous \u00eates inscrit en tant qu&rsquo;animateur \u00e0 une s\u00e9ance, <strong>vous \u00eates avant tout parent pendant la s\u00e9ance de votre enfant<\/strong> !<\/p>\n<p>On demande aux animateurs de porter un collier en fleur afin d&rsquo;\u00eatre plus facilement rep\u00e9r\u00e9s par les parents. Pendant votre s\u00e9ance avec votre enfant, vous laissez donc ce collier de c\u00f4t\u00e9.<\/p>\n<h1>S&rsquo;inscrire en tant qu&rsquo;animateur \u00e0 une s\u00e9ance<\/h1>\n<p>En cliquant sur une date, une petite fen\u00eatre s&rsquo;ouvre avec la liste des animateurs (r\u00e9guliers et occasionnels). Si la s\u00e9ance n&rsquo;est pas compl\u00e8te en nombre d&rsquo;animateur, un bouton en dessous de la liste vous permet de vous inscrire en tant qu&rsquo;animateur pour cette s\u00e9ance.<\/p>\n<p><a href=\"http:\/\/www.aleaubebe.net\/wp-content\/uploads\/2018\/11\/animateur-occaz-inscription.png\"><img decoding=\"async\" loading=\"lazy\" class=\"aligncenter size-full wp-image-230\" src=\"http:\/\/www.aleaubebe.net\/wp-content\/uploads\/2018\/11\/animateur-occaz-inscription.png\" alt=\"\" width=\"941\" height=\"647\" srcset=\"https:\/\/www.aleaubebe.net\/wp-content\/uploads\/2018\/11\/animateur-occaz-inscription.png 941w, https:\/\/www.aleaubebe.net\/wp-content\/uploads\/2018\/11\/animateur-occaz-inscription-300x206.png 300w, https:\/\/www.aleaubebe.net\/wp-content\/uploads\/2018\/11\/animateur-occaz-inscription-768x528.png 768w\" sizes=\"(max-width: 941px) 100vw, 941px\" \/><\/a><\/p>\n<p>Attention, il est possible que la s\u00e9ance ne comporte pas assez d&rsquo;animateur est qu&rsquo;il ne vous soit pas possible de vous inscrire : si tel est le cas, c&rsquo;est qu&rsquo;il y a suffisamment d&rsquo;animateurs du m\u00eame groupe que vous, et cela cr\u00e9erait un d\u00e9s\u00e9quilibre lors de votre s\u00e9ance (car plus assez d&rsquo;autres animateurs).<\/p>\n<h1>Annuler son inscription \u00e0 une s\u00e9ance d&rsquo;animateur<\/h1>\n<p>Lorsque vous cliquez sur une date du planning o\u00f9 vous \u00eates inscrit en tant qu&rsquo;animateur occasionnel, un bouton en bas de liste des animateurs vous permet d&rsquo;annuler votre inscription.<\/p>\n<p><a href=\"http:\/\/www.aleaubebe.net\/wp-content\/uploads\/2018\/11\/animateur-occaz-annulation.png\"><img decoding=\"async\" loading=\"lazy\" class=\"aligncenter size-full wp-image-231\" src=\"http:\/\/www.aleaubebe.net\/wp-content\/uploads\/2018\/11\/animateur-occaz-annulation.png\" alt=\"\" width=\"954\" height=\"656\" srcset=\"https:\/\/www.aleaubebe.net\/wp-content\/uploads\/2018\/11\/animateur-occaz-annulation.png 954w, https:\/\/www.aleaubebe.net\/wp-content\/uploads\/2018\/11\/animateur-occaz-annulation-300x206.png 300w, https:\/\/www.aleaubebe.net\/wp-content\/uploads\/2018\/11\/animateur-occaz-annulation-768x528.png 768w\" sizes=\"(max-width: 954px) 100vw, 954px\" \/><\/a><\/p>\n<p>En cliquant dessus, votre pr\u00e9sence en tant qu&rsquo;animateur sera annul\u00e9e, \u00e0 vous de trouver une nouvelle date !<\/p>\n","protected":false},"excerpt":{"rendered":"<p>L&rsquo;interface Animateur C&rsquo;est depuis l&rsquo;interface du planning que les parents non animateurs r\u00e9guliers peuvent s&rsquo;inscrire aux s\u00e9ances en tant qu&rsquo;animateur occasionnel. En entrant sur le planning, ils retrouvent diverses informations. &nbsp; Sur la page, on retrouve ainsi : les s\u00e9ances ou vous vous \u00eates inscrit en tant qu&rsquo;animateur, \u00e9crites en bleu dans le calendrier ; [&hellip;]<\/p>\n","protected":false},"author":1,"featured_media":0,"parent":0,"menu_order":0,"comment_status":"closed","ping_status":"closed","template":"","meta":[],"_links":{"self":[{"href":"https:\/\/www.aleaubebe.net\/index.php?rest_route=\/wp\/v2\/pages\/228"}],"collection":[{"href":"https:\/\/www.aleaubebe.net\/index.php?rest_route=\/wp\/v2\/pages"}],"about":[{"href":"https:\/\/www.aleaubebe.net\/index.php?rest_route=\/wp\/v2\/types\/page"}],"author":[{"embeddable":true,"href":"https:\/\/www.aleaubebe.net\/index.php?rest_route=\/wp\/v2\/users\/1"}],"replies":[{"embeddable":true,"href":"https:\/\/www.aleaubebe.net\/index.php?rest_route=%2Fwp%2Fv2%2Fcomments&post=228"}],"version-history":[{"count":3,"href":"https:\/\/www.aleaubebe.net\/index.php?rest_route=\/wp\/v2\/pages\/228\/revisions"}],"predecessor-version":[{"id":279,"href":"https:\/\/www.aleaubebe.net\/index.php?rest_route=\/wp\/v2\/pages\/228\/revisions\/279"}],"wp:attachment":[{"href":"https:\/\/www.aleaubebe.net\/index.php?rest_route=%2Fwp%2Fv2%2Fmedia&parent=228"}],"curies":[{"name":"wp","href":"https:\/\/api.w.org\/{rel}","templated":true}]}}