{"id":222,"date":"2018-11-24T14:05:20","date_gmt":"2018-11-24T13:05:20","guid":{"rendered":"http:\/\/www.aleaubebe.net\/?page_id=222"},"modified":"2018-11-24T14:05:20","modified_gmt":"2018-11-24T13:05:20","slug":"planning-de-lanimateur-regulier","status":"publish","type":"page","link":"https:\/\/www.aleaubebe.net\/?page_id=222","title":{"rendered":"Planning de l&rsquo;animateur r\u00e9gulier"},"content":{"rendered":"<h1>L&rsquo;interface Animateur<\/h1>\n<p>C&rsquo;est depuis l&rsquo;interface du <a href=\"http:\/\/www.aleaubebe.net\/Animateurs\/\">planning<\/a> que les animateurs r\u00e9guliers peuvent prendre note et g\u00e9rer leurs s\u00e9ances d&rsquo;animation.<\/p>\n<p>En entrant sur le planning, ils retrouvent diverses informations.<\/p>\n<p><a href=\"http:\/\/www.aleaubebe.net\/wp-content\/uploads\/2018\/11\/animateur-accueil.png\"><img decoding=\"async\" loading=\"lazy\" class=\"size-full wp-image-223 aligncenter\" src=\"http:\/\/www.aleaubebe.net\/wp-content\/uploads\/2018\/11\/animateur-accueil.png\" alt=\"\" width=\"992\" height=\"873\" srcset=\"https:\/\/www.aleaubebe.net\/wp-content\/uploads\/2018\/11\/animateur-accueil.png 992w, https:\/\/www.aleaubebe.net\/wp-content\/uploads\/2018\/11\/animateur-accueil-300x264.png 300w, https:\/\/www.aleaubebe.net\/wp-content\/uploads\/2018\/11\/animateur-accueil-768x676.png 768w\" sizes=\"(max-width: 992px) 100vw, 992px\" \/><\/a><\/p>\n<p>Sur la page, on retrouve ainsi :<\/p>\n<ul>\n<li>les s\u00e9ances d&rsquo;animation, \u00e9crites en bleu dans le calendrier ;<\/li>\n<li>les s\u00e9ances comportant une demande de changement de date par un ou plusieurs animateurs, sur fond rouge ;<\/li>\n<li>les s\u00e9ances au complet en animateurs, sur fond vert.<\/li>\n<\/ul>\n<p>&nbsp;<\/p>\n<h1>Faire une demande de changement de date<\/h1>\n<p>En cliquant sur une date, une petite fen\u00eatre s&rsquo;ouvre avec la liste des animateurs. Si l&rsquo;on est d&rsquo;animation pour cette date, un bouton permet de signaler son absence et d&rsquo;effectuer ainsi une demande de permutation avec un autre animateur sur une autre date.<\/p>\n<p><a href=\"http:\/\/www.aleaubebe.net\/wp-content\/uploads\/2018\/11\/animateur-demande-changement.png\"><img decoding=\"async\" loading=\"lazy\" class=\"aligncenter size-large wp-image-226\" src=\"http:\/\/www.aleaubebe.net\/wp-content\/uploads\/2018\/11\/animateur-demande-changement-1024x696.png\" alt=\"\" width=\"698\" height=\"474\" srcset=\"https:\/\/www.aleaubebe.net\/wp-content\/uploads\/2018\/11\/animateur-demande-changement-1024x696.png 1024w, https:\/\/www.aleaubebe.net\/wp-content\/uploads\/2018\/11\/animateur-demande-changement-300x204.png 300w, https:\/\/www.aleaubebe.net\/wp-content\/uploads\/2018\/11\/animateur-demande-changement-768x522.png 768w, https:\/\/www.aleaubebe.net\/wp-content\/uploads\/2018\/11\/animateur-demande-changement.png 1235w\" sizes=\"(max-width: 698px) 100vw, 698px\" \/><\/a><\/p>\n<p>En cliquant sur le bouton, un courriel sera envoy\u00e9 \u00e0 tous les animateurs pour signaler la demande de changement, et ainsi permettre \u00e0 des animateurs de proposer un \u00e9change de date avec celle que vous ne pouvez assurer.<\/p>\n<p>Lorsqu&rsquo;une proposition d&rsquo;\u00e9change sera faite par un autre animateur, un courriel vous en avertira. Il vous suffira de cliquer sur la date propos\u00e9e pour valider l&rsquo;\u00e9change.<\/p>\n<p>&nbsp;<\/p>\n<h1>Faire une proposition d&rsquo;\u00e9change<\/h1>\n<p>Lorsque vous cliquez sur une date du planning comportant une demande d&rsquo;\u00e9change, l&rsquo;animateur ayant effectu\u00e9 la demande est inscrit en rouge, et sous la liste des animateurs se trouve un formulaire de proposition d&rsquo;\u00e9change.<\/p>\n<p><a href=\"http:\/\/www.aleaubebe.net\/wp-content\/uploads\/2018\/11\/animateur-proposition-echange.png\"><img decoding=\"async\" loading=\"lazy\" class=\"aligncenter size-large wp-image-224\" src=\"http:\/\/www.aleaubebe.net\/wp-content\/uploads\/2018\/11\/animateur-proposition-echange-1024x709.png\" alt=\"\" width=\"698\" height=\"483\" srcset=\"https:\/\/www.aleaubebe.net\/wp-content\/uploads\/2018\/11\/animateur-proposition-echange-1024x709.png 1024w, https:\/\/www.aleaubebe.net\/wp-content\/uploads\/2018\/11\/animateur-proposition-echange-300x208.png 300w, https:\/\/www.aleaubebe.net\/wp-content\/uploads\/2018\/11\/animateur-proposition-echange-768x532.png 768w, https:\/\/www.aleaubebe.net\/wp-content\/uploads\/2018\/11\/animateur-proposition-echange.png 1224w\" sizes=\"(max-width: 698px) 100vw, 698px\" \/><\/a><\/p>\n<p>Le formulaire vous permet de proposer l&rsquo;\u00e9change de cette date avec une de vos dates d&rsquo;animation. Lorsque vous soumettez votre proposition, un courriel est envoy\u00e9 \u00e0 l&rsquo;animateur ayant fait la demande, et s&rsquo;il valide l&rsquo;\u00e9change, vous recevrez \u00e0 votre tour un courriel confirmant l&rsquo;\u00e9change.<\/p>\n<p><a href=\"http:\/\/www.aleaubebe.net\/wp-content\/uploads\/2018\/11\/animateur-confirmation-echange.png\"><img decoding=\"async\" loading=\"lazy\" class=\"aligncenter size-full wp-image-225\" src=\"http:\/\/www.aleaubebe.net\/wp-content\/uploads\/2018\/11\/animateur-confirmation-echange.png\" alt=\"\" width=\"726\" height=\"256\" srcset=\"https:\/\/www.aleaubebe.net\/wp-content\/uploads\/2018\/11\/animateur-confirmation-echange.png 726w, https:\/\/www.aleaubebe.net\/wp-content\/uploads\/2018\/11\/animateur-confirmation-echange-300x106.png 300w\" sizes=\"(max-width: 726px) 100vw, 726px\" \/><\/a><\/p>\n<p><em><strong>Note<\/strong><\/em> : Les dates sur fond rouge sont celles o\u00f9 il n&rsquo;y a pas assez d&rsquo;animateur pour assurer le bon d\u00e9roulement de la s\u00e9ance (pouvant provoquer son annulation), mais il est possible que d&rsquo;autres dates contiennent des demandes d&rsquo;annulation. Ces dates sont notamment connues par la r\u00e9ception d&rsquo;un courriel \u00e0 chaque demande d&rsquo;\u00e9change.<\/p>\n","protected":false},"excerpt":{"rendered":"<p>L&rsquo;interface Animateur C&rsquo;est depuis l&rsquo;interface du planning que les animateurs r\u00e9guliers peuvent prendre note et g\u00e9rer leurs s\u00e9ances d&rsquo;animation. En entrant sur le planning, ils retrouvent diverses informations. Sur la page, on retrouve ainsi : les s\u00e9ances d&rsquo;animation, \u00e9crites en bleu dans le calendrier ; les s\u00e9ances comportant une demande de changement de date par [&hellip;]<\/p>\n","protected":false},"author":1,"featured_media":0,"parent":0,"menu_order":0,"comment_status":"closed","ping_status":"closed","template":"","meta":[],"_links":{"self":[{"href":"https:\/\/www.aleaubebe.net\/index.php?rest_route=\/wp\/v2\/pages\/222"}],"collection":[{"href":"https:\/\/www.aleaubebe.net\/index.php?rest_route=\/wp\/v2\/pages"}],"about":[{"href":"https:\/\/www.aleaubebe.net\/index.php?rest_route=\/wp\/v2\/types\/page"}],"author":[{"embeddable":true,"href":"https:\/\/www.aleaubebe.net\/index.php?rest_route=\/wp\/v2\/users\/1"}],"replies":[{"embeddable":true,"href":"https:\/\/www.aleaubebe.net\/index.php?rest_route=%2Fwp%2Fv2%2Fcomments&post=222"}],"version-history":[{"count":1,"href":"https:\/\/www.aleaubebe.net\/index.php?rest_route=\/wp\/v2\/pages\/222\/revisions"}],"predecessor-version":[{"id":227,"href":"https:\/\/www.aleaubebe.net\/index.php?rest_route=\/wp\/v2\/pages\/222\/revisions\/227"}],"wp:attachment":[{"href":"https:\/\/www.aleaubebe.net\/index.php?rest_route=%2Fwp%2Fv2%2Fmedia&parent=222"}],"curies":[{"name":"wp","href":"https:\/\/api.w.org\/{rel}","templated":true}]}}